{"id":11821,"date":"2024-11-11T12:37:48","date_gmt":"2024-11-11T09:37:48","guid":{"rendered":"https:\/\/desense.com.tr\/urun\/c-017-bardak-altligi\/"},"modified":"2024-11-21T17:53:34","modified_gmt":"2024-11-21T14:53:34","slug":"c-017-bardak-altligi","status":"publish","type":"product","link":"https:\/\/desense.com.tr\/en\/urun\/c-017-bardak-altligi\/","title":{"rendered":"C-017 Bardak Altl\u0131\u011f\u0131"},"content":{"rendered":"","protected":false},"excerpt":{"rendered":"<p>Product Dimension :45&#215;45 cm<\/p>\n<div class=\"icons-info\">\n<div class=\"iconi\"><img fetchpriority=\"high\" decoding=\"async\" class=\"alignnone size-medium wp-image-9226\" src=\"https:\/\/desense.com.tr\/wp-content\/uploads\/2024\/10\/clock-1-300x300.png\" alt=\"\" width=\"300\" height=\"300\" srcset=\"https:\/\/desense.com.tr\/wp-content\/uploads\/2024\/10\/clock-1-300x300.png 300w, https:\/\/desense.com.tr\/wp-content\/uploads\/2024\/10\/clock-1-150x150.png 150w, https:\/\/desense.com.tr\/wp-content\/uploads\/2024\/10\/clock-1-100x100.png 100w, https:\/\/desense.com.tr\/wp-content\/uploads\/2024\/10\/clock-1.png 512w\" sizes=\"(max-width: 300px) 100vw, 300px\" \/><strong>Durable<\/strong><\/div>\n<div class=\"iconi\"><img decoding=\"async\" class=\"alignnone size-medium wp-image-9227\" src=\"https:\/\/desense.com.tr\/wp-content\/uploads\/2024\/10\/clean-300x300.png\" alt=\"\" width=\"300\" height=\"300\" srcset=\"https:\/\/desense.com.tr\/wp-content\/uploads\/2024\/10\/clean-300x300.png 300w, https:\/\/desense.com.tr\/wp-content\/uploads\/2024\/10\/clean-150x150.png 150w, https:\/\/desense.com.tr\/wp-content\/uploads\/2024\/10\/clean-100x100.png 100w, https:\/\/desense.com.tr\/wp-content\/uploads\/2024\/10\/clean.png 512w\" sizes=\"(max-width: 300px) 100vw, 300px\" \/><strong>Easy To Clean<\/strong><\/div>\n<div class=\"iconi\"><img decoding=\"async\" class=\"alignnone size-medium wp-image-9228\" src=\"https:\/\/desense.com.tr\/wp-content\/uploads\/2024\/10\/hand-wash-300x300.png\" alt=\"\" width=\"300\" height=\"300\" srcset=\"https:\/\/desense.com.tr\/wp-content\/uploads\/2024\/10\/hand-wash-300x300.png 300w, https:\/\/desense.com.tr\/wp-content\/uploads\/2024\/10\/hand-wash-150x150.png 150w, https:\/\/desense.com.tr\/wp-content\/uploads\/2024\/10\/hand-wash-100x100.png 100w, https:\/\/desense.com.tr\/wp-content\/uploads\/2024\/10\/hand-wash.png 512w\" sizes=\"(max-width: 300px) 100vw, 300px\" \/><strong>Hand Washable<\/strong><\/div>\n<div class=\"iconi\"><img loading=\"lazy\" decoding=\"async\" class=\"alignnone size-medium wp-image-9229\" src=\"https:\/\/desense.com.tr\/wp-content\/uploads\/2024\/10\/save-the-world-1-300x300.png\" alt=\"\" width=\"300\" height=\"300\" srcset=\"https:\/\/desense.com.tr\/wp-content\/uploads\/2024\/10\/save-the-world-1-300x300.png 300w, https:\/\/desense.com.tr\/wp-content\/uploads\/2024\/10\/save-the-world-1-150x150.png 150w, https:\/\/desense.com.tr\/wp-content\/uploads\/2024\/10\/save-the-world-1-100x100.png 100w, https:\/\/desense.com.tr\/wp-content\/uploads\/2024\/10\/save-the-world-1.png 512w\" sizes=\"(max-width: 300px) 100vw, 300px\" \/><strong>Eco Friendly<\/strong><\/div>\n<\/div>\n<p class=\"p1\">Whether you are enjoying a cup of tea, or entertaining a crowd, our coasters are practical and stylish! They come in a range of colours, allowing you to mix and match for any occasion. Protect surfaces from scratches and spills Durable and eco-friendly Add natural texture around the home.<\/p>\n","protected":false},"featured_media":11051,"comment_status":"open","ping_status":"closed","template":"","meta":[],"product_cat":[103,101],"product_tag":[],"class_list":{"0":"post-11821","1":"product","2":"type-product","3":"status-publish","4":"has-post-thumbnail","6":"product_cat-coasters","7":"product_cat-tableware-textile","9":"first","10":"instock","11":"shipping-taxable","12":"product-type-simple"},"_links":{"self":[{"href":"https:\/\/desense.com.tr\/en\/wp-json\/wp\/v2\/product\/11821","targetHints":{"allow":["GET"]}}],"collection":[{"href":"https:\/\/desense.com.tr\/en\/wp-json\/wp\/v2\/product"}],"about":[{"href":"https:\/\/desense.com.tr\/en\/wp-json\/wp\/v2\/types\/product"}],"replies":[{"embeddable":true,"href":"https:\/\/desense.com.tr\/en\/wp-json\/wp\/v2\/comments?post=11821"}],"version-history":[{"count":1,"href":"https:\/\/desense.com.tr\/en\/wp-json\/wp\/v2\/product\/11821\/revisions"}],"predecessor-version":[{"id":11822,"href":"https:\/\/desense.com.tr\/en\/wp-json\/wp\/v2\/product\/11821\/revisions\/11822"}],"wp:featuredmedia":[{"embeddable":true,"href":"https:\/\/desense.com.tr\/en\/wp-json\/wp\/v2\/media\/11051"}],"wp:attachment":[{"href":"https:\/\/desense.com.tr\/en\/wp-json\/wp\/v2\/media?parent=11821"}],"wp:term":[{"taxonomy":"product_cat","embeddable":true,"href":"https:\/\/desense.com.tr\/en\/wp-json\/wp\/v2\/product_cat?post=11821"},{"taxonomy":"product_tag","embeddable":true,"href":"https:\/\/desense.com.tr\/en\/wp-json\/wp\/v2\/product_tag?post=11821"}],"curies":[{"name":"wp","href":"https:\/\/api.w.org\/{rel}","templated":true}]}}