{"id":9345,"date":"2024-11-04T20:33:37","date_gmt":"2024-11-04T17:33:37","guid":{"rendered":"https:\/\/desense.com.tr\/?post_type=product&#038;p=9345"},"modified":"2024-11-22T09:20:46","modified_gmt":"2024-11-22T06:20:46","slug":"beyaz-nazar-boncuklu-sus","status":"publish","type":"product","link":"https:\/\/desense.com.tr\/en\/urun\/beyaz-nazar-boncuklu-sus\/","title":{"rendered":"Beyaz Nazar Boncuklu S\u00fcs"},"content":{"rendered":"","protected":false},"excerpt":{"rendered":"<p>&nbsp;<\/p>\n<div class=\"icons-info\">\n<div class=\"iconi\"><img fetchpriority=\"high\" decoding=\"async\" class=\"alignnone size-medium wp-image-9226\" src=\"https:\/\/desense.com.tr\/wp-content\/uploads\/2024\/10\/clock-1-300x300.png\" alt=\"\" width=\"300\" height=\"300\" srcset=\"https:\/\/desense.com.tr\/wp-content\/uploads\/2024\/10\/clock-1-300x300.png 300w, https:\/\/desense.com.tr\/wp-content\/uploads\/2024\/10\/clock-1-150x150.png 150w, https:\/\/desense.com.tr\/wp-content\/uploads\/2024\/10\/clock-1-100x100.png 100w, https:\/\/desense.com.tr\/wp-content\/uploads\/2024\/10\/clock-1.png 512w\" sizes=\"(max-width: 300px) 100vw, 300px\" \/><strong>Uzun \u00d6m\u00fcrl\u00fc<\/strong><\/div>\n<div class=\"iconi\"><img decoding=\"async\" class=\"alignnone size-medium wp-image-9227\" src=\"https:\/\/desense.com.tr\/wp-content\/uploads\/2024\/10\/clean-300x300.png\" alt=\"\" width=\"300\" height=\"300\" srcset=\"https:\/\/desense.com.tr\/wp-content\/uploads\/2024\/10\/clean-300x300.png 300w, https:\/\/desense.com.tr\/wp-content\/uploads\/2024\/10\/clean-150x150.png 150w, https:\/\/desense.com.tr\/wp-content\/uploads\/2024\/10\/clean-100x100.png 100w, https:\/\/desense.com.tr\/wp-content\/uploads\/2024\/10\/clean.png 512w\" sizes=\"(max-width: 300px) 100vw, 300px\" \/><strong>Kolay Temizlenebilir<\/strong><\/div>\n<div class=\"iconi\"><img decoding=\"async\" class=\"alignnone size-medium wp-image-9228\" src=\"https:\/\/desense.com.tr\/wp-content\/uploads\/2024\/10\/hand-wash-300x300.png\" alt=\"\" width=\"300\" height=\"300\" srcset=\"https:\/\/desense.com.tr\/wp-content\/uploads\/2024\/10\/hand-wash-300x300.png 300w, https:\/\/desense.com.tr\/wp-content\/uploads\/2024\/10\/hand-wash-150x150.png 150w, https:\/\/desense.com.tr\/wp-content\/uploads\/2024\/10\/hand-wash-100x100.png 100w, https:\/\/desense.com.tr\/wp-content\/uploads\/2024\/10\/hand-wash.png 512w\" sizes=\"(max-width: 300px) 100vw, 300px\" \/><strong>Elde Y\u0131kanabilir<\/strong><\/div>\n<div class=\"iconi\"><img loading=\"lazy\" decoding=\"async\" class=\"alignnone size-medium wp-image-9229\" src=\"https:\/\/desense.com.tr\/wp-content\/uploads\/2024\/10\/save-the-world-1-300x300.png\" alt=\"\" width=\"300\" height=\"300\" srcset=\"https:\/\/desense.com.tr\/wp-content\/uploads\/2024\/10\/save-the-world-1-300x300.png 300w, https:\/\/desense.com.tr\/wp-content\/uploads\/2024\/10\/save-the-world-1-150x150.png 150w, https:\/\/desense.com.tr\/wp-content\/uploads\/2024\/10\/save-the-world-1-100x100.png 100w, https:\/\/desense.com.tr\/wp-content\/uploads\/2024\/10\/save-the-world-1.png 512w\" sizes=\"(max-width: 300px) 100vw, 300px\" \/><strong>\u00c7evre Dostu<\/strong><\/div>\n<\/div>\n<p class=\"p1\">\n","protected":false},"featured_media":9346,"comment_status":"open","ping_status":"closed","template":"","meta":[],"product_cat":[72,63],"product_tag":[],"class_list":{"0":"post-9345","1":"product","2":"type-product","3":"status-publish","4":"has-post-thumbnail","6":"product_cat-duvar-susleri","7":"product_cat-ev-tekstili","9":"first","10":"instock","11":"shipping-taxable","12":"product-type-simple"},"_links":{"self":[{"href":"https:\/\/desense.com.tr\/en\/wp-json\/wp\/v2\/product\/9345","targetHints":{"allow":["GET"]}}],"collection":[{"href":"https:\/\/desense.com.tr\/en\/wp-json\/wp\/v2\/product"}],"about":[{"href":"https:\/\/desense.com.tr\/en\/wp-json\/wp\/v2\/types\/product"}],"replies":[{"embeddable":true,"href":"https:\/\/desense.com.tr\/en\/wp-json\/wp\/v2\/comments?post=9345"}],"version-history":[{"count":2,"href":"https:\/\/desense.com.tr\/en\/wp-json\/wp\/v2\/product\/9345\/revisions"}],"predecessor-version":[{"id":11891,"href":"https:\/\/desense.com.tr\/en\/wp-json\/wp\/v2\/product\/9345\/revisions\/11891"}],"wp:featuredmedia":[{"embeddable":true,"href":"https:\/\/desense.com.tr\/en\/wp-json\/wp\/v2\/media\/9346"}],"wp:attachment":[{"href":"https:\/\/desense.com.tr\/en\/wp-json\/wp\/v2\/media?parent=9345"}],"wp:term":[{"taxonomy":"product_cat","embeddable":true,"href":"https:\/\/desense.com.tr\/en\/wp-json\/wp\/v2\/product_cat?post=9345"},{"taxonomy":"product_tag","embeddable":true,"href":"https:\/\/desense.com.tr\/en\/wp-json\/wp\/v2\/product_tag?post=9345"}],"curies":[{"name":"wp","href":"https:\/\/api.w.org\/{rel}","templated":true}]}}